{"id":6260,"date":"2024-08-03T08:47:54","date_gmt":"2024-08-03T08:47:54","guid":{"rendered":"https:\/\/treforbay.co.uk\/?page_id=6260"},"modified":"2024-08-08T08:44:00","modified_gmt":"2024-08-08T08:44:00","slug":"wunderschones-familienferienhaus-mit-drei-schlafzimmern-in-nordwales-zu-vermieten","status":"publish","type":"page","link":"https:\/\/treforbay.co.uk\/de\/wunderschones-familienferienhaus-mit-drei-schlafzimmern-in-nordwales-zu-vermieten\/","title":{"rendered":"Wundersch\u00f6nes Familienferienhaus mit drei Schlafzimmern in Nordwales zu vermieten"},"content":{"rendered":"Ferienhaus an der K\u00fcste von Nordwales\t\t\t\t\t\t\n\t\t\t\t\t\t\n\t\t\t\t\t\t\twundersch\u00f6nes K\u00fcstenhaus\t\t\t\t\t\t\n\t\t\t\t\t\t<h3>Book direct &#038; save AirBnB fees&#8230;.<\/h3>\n\t\t\t\t\t\t<link rel='stylesheet' id='formidable-css' href='https:\/\/treforbay.co.uk\/wp-content\/plugins\/formidable\/css\/formidableforms.css?ver=417133' type='text\/css' media='all' \/>\n<div class=\"frm_forms  with_frm_style frm_style_formidable-style\" id=\"frm_form_3_container\" data-token=\"8c5f924cc56e568b004f4595af3f0165\">\n<form enctype=\"multipart\/form-data\" method=\"post\" class=\"frm-show-form  frm_js_validate\" id=\"form_819tm\" data-token=\"8c5f924cc56e568b004f4595af3f0165\" action=\"\">\n<div class=\"frm_form_fields\">\n<fieldset>\n<legend class=\"frm_screen_reader\">Enquire here<\/legend>\r\n\r\n<div class=\"frm_fields_container\">\n<input type=\"hidden\" name=\"frm_action\" value=\"create\" \/>\n<input type=\"hidden\" name=\"form_id\" value=\"3\" \/>\n<input type=\"hidden\" name=\"frm_hide_fields_3\" id=\"frm_hide_fields_3\" value=\"\" \/>\n<input type=\"hidden\" name=\"form_key\" value=\"819tm\" \/>\n<input type=\"hidden\" name=\"item_meta[0]\" value=\"\" \/>\n<input type=\"hidden\" id=\"frm_submit_entry_3\" name=\"frm_submit_entry_3\" value=\"636ba45fde\" \/><input type=\"hidden\" name=\"_wp_http_referer\" value=\"\/de\/wp-json\/wp\/v2\/pages\/6260\" \/><div id=\"frm_field_33_container\" class=\"frm_form_field form-field  frm_required_field frm_top_container\">\r\n    <label for=\"field_b8ar7\" class=\"frm_primary_label\">Name\r\n        <span class=\"frm_required\">*<\/span>\r\n    <\/label>\r\n    <input type=\"text\" id=\"field_b8ar7\" name=\"item_meta[33]\" value=\"\"  placeholder=\"Name*\" data-reqmsg=\"Please fill in your full name\" aria-required=\"true\" data-invmsg=\"Text is invalid\" aria-invalid=\"false\"  \/>\r\n    \r\n    \r\n<\/div>\n<div id=\"frm_field_38_container\" class=\"frm_form_field form-field  frm_required_field frm_top_container\">\r\n    <label for=\"field_1e47a\" class=\"frm_primary_label\">Email\r\n        <span class=\"frm_required\">*<\/span>\r\n    <\/label>\r\n    <input type=\"email\" id=\"field_1e47a\" name=\"item_meta[38]\" value=\"\"  placeholder=\"Email*\" data-reqmsg=\"Please fill in your email address\" aria-required=\"true\" data-invmsg=\"Email is invalid\" aria-invalid=\"false\"  \/>\r\n    \r\n    \r\n<\/div>\n<div id=\"frm_field_36_container\" class=\"frm_form_field form-field  frm_top_container\">\r\n    <label for=\"field_yupt4\" class=\"frm_primary_label\">Mobile\/Landline\r\n        <span class=\"frm_required\"><\/span>\r\n    <\/label>\r\n    <input type=\"text\" id=\"field_yupt4\" name=\"item_meta[36]\" value=\"\"  placeholder=\"Mobile\/Landline\" data-invmsg=\"Text is invalid\" aria-invalid=\"false\"  \/>\r\n    \r\n    \r\n<\/div>\n<div id=\"frm_field_37_container\" class=\"frm_form_field form-field  frm_top_container\">\r\n    <label for=\"field_8j0fs\" class=\"frm_primary_label\">Additional information\r\n        <span class=\"frm_required\"><\/span>\r\n    <\/label>\r\n    <textarea name=\"item_meta[37]\" id=\"field_8j0fs\" rows=\"3\"  placeholder=\"Message\" data-invmsg=\"Additional information ist ung\u00fcltig\" aria-invalid=\"false\"  ><\/textarea>\r\n    \r\n    \r\n<\/div>\n<div id=\"frm_field_47_container\" class=\"frm_form_field form-field  frm_top_container vertical_radio\">\r\n    <label for=\"field_6zpn5\" class=\"frm_primary_label\">Checkboxes\r\n        <span class=\"frm_required\"><\/span>\r\n    <\/label>\r\n    <div class=\"frm_opt_container\">\t\t<div class=\"frm_checkbox\" id=\"frm_checkbox_47-0\">\t\t\t<label  for=\"field_6zpn5-0\">\n\t\t\t<input type=\"checkbox\" name=\"item_meta[47][]\" id=\"field_6zpn5-0\" value=\"I agree to supply my data for processing purposes. Read our &lt;a href=&quot;\/privacy-policy&quot; target=&quot;_blank&quot;&gt;Privacy Policy&lt;\/a&gt; here\"  data-invmsg=\"Checkboxes ist ung\u00fcltig\"   \/> I agree to supply my data for processing purposes. Read our <a href=\"\/de\/privacy-policy\/\" target=\"_blank\">Privacy Policy<\/a> here<\/label><\/div>\n<\/div>\r\n    \r\n    \r\n<\/div>\n<div id=\"frm_field_49_container\" class=\"frm_form_field form-field  frm_none_container\">\n\t<label for=\"g-recaptcha-response\" id=\"field_fey2o_label\" class=\"frm_primary_label\">Captcha\n\t\t<span class=\"frm_required\" aria-hidden=\"true\"><\/span>\n\t<\/label>\n\t<div  id=\"field_fey2o\" class=\"g-recaptcha\" data-sitekey=\"6LeaurkqAAAAAD8bPnIidNvX4illxoU2pxE4LUwh\" data-size=\"invisible\" data-theme=\"light\" data-callback=\"frmAfterRecaptcha\"><\/div>\n\t\n\t\n<\/div>\n<div id=\"frm_field_48_container\" class=\"frm_form_field form-field\">\r\n\t<div class=\"frm_submit\">\r\n\r\n<button class=\"frm_button_submit\" type=\"submit\"  >Send<\/button>\r\n\r\n<\/div>\r\n<\/div>\n\t<input type=\"hidden\" name=\"item_key\" value=\"\" \/>\n\t\t\t<div id=\"frm_field_50_container\">\n\t\t\t<label for=\"field_axxmg\" >\n\t\t\t\tFalls Du menschlich bist, lasse dieses Feld leer.\t\t\t<\/label>\n\t\t\t<input  id=\"field_axxmg\" type=\"text\" class=\"frm_form_field form-field frm_verify\" name=\"item_meta[50]\" value=\"\"  \/>\n\t\t<\/div>\n\t\t<input name=\"frm_state\" type=\"hidden\" value=\"UY5Y5TpyMKbuBFYFCRbHtSqnDQQfvi2pwC6HowJWEKyJXfabI2PXwCcBGG+myLJV\" \/><\/div>\n<\/fieldset>\n<\/div>\n\n<input type=\"hidden\" name=\"trp-form-language\" value=\"de\"\/><\/form>\n<\/div>\n\n<style>\n#ujoay {\n  background-image:url(https:\/\/treforbay.co.uk\/wp-content\/uploads\/2021\/02\/20180726_200159-1436x854.jpg);\n}\n@media screen and (max-width: 1100px) {\n  #ujoay {\n    background-image:url(https:\/\/treforbay.co.uk\/wp-content\/uploads\/2021\/02\/20180726_200159-1024x609.jpg);\n  }\n}\n@media screen and (max-width: 767px) {\n  #ujoay {\n    background-image:url(https:\/\/treforbay.co.uk\/wp-content\/uploads\/2021\/02\/20180726_200159-768x456.jpg);\n  }\n}\n@media screen and (max-width: 400px) {\n  #ujoay {\n    background-image:url(https:\/\/treforbay.co.uk\/wp-content\/uploads\/2021\/02\/20180726_200159-300x178.jpg);\n  }\n}\n<\/style>\n\t\t\t<hr \/>\n\t\t\t<h1>\n\t\t\tFamilienferienhaus auf der wundersch\u00f6nen Ll\u0177n-Halbinsel im Norden von Wales\t\t\t<\/h1>\n\t\t\t<hr \/>\n\t\t\t\t\t\t\n\t\t\t2 Doppelzimmer und 2 Etagenbetten mit Familienbad und eigenem Bad\t\t\t\n\t\t\t\t\t\t\n\t\t\t2 Doppelzimmer und 2 Etagenbetten mit Familienbad und eigenem Bad\t\t\t\n\t\t\t\t\t\t<hr \/>\n\t\t\t<h1>\n\t\t\tFamilienferienhaus auf der wundersch\u00f6nen Ll\u0177n-Halbinsel im Norden von Wales\t\t\t<\/h1>\n\t\t\t<hr \/>\n\t\t\t\t<img loading=\"lazy\" decoding=\"async\" src=\"https:\/\/treforbay.co.uk\/wp-content\/uploads\/2022\/09\/4-and-5-Star-luxury-cottages-Visit-Wales.jpg\" alt=\"4 and 5 Star luxury cottages Visit Wales\" itemprop=\"image\" height=\"191\" width=\"615\" title=\"4 and 5 Star luxury cottages Visit Wales\" onerror=\"this.style.display='none'\"  \/>\n\t<h4>Wir sind sehr stolz darauf, dass unser Ferienhaus von Visit Wales mit 4 Sternen ausgezeichnet wurde.<\/h4>\n<p>Wir haben unser Ferienhaus zu einem echten Zuhause gemacht. Insbesondere schulden wir Christina, unserer Haush\u00e4lterin, einen gro\u00dfen Dank, die unser Ferienhaus in einem so guten Zustand h\u00e4lt, dass Ihr Aufenthalt so angenehm wie m\u00f6glich und genau so wird, wie wir es uns w\u00fcnschen w\u00fcrden.<\/p>\n\t<blockquote><p><em>Ger\u00e4umiges Ferienhaus in einem h\u00fcbschen, ruhigen Dorf in einem der unber\u00fchrtesten und sch\u00f6nsten Teile Gro\u00dfbritanniens. Ein kurzer Spaziergang zum Strand, zum K\u00fcstenweg und zu den Bergen mit atemberaubender Aussicht auf Snowdonia und die Halbinsel Llyn. Es war sch\u00f6n, zum Brunnen zur\u00fcckzukehren ausgestattetes Ferienhaus<\/em><\/p>\n<p>Frazer &amp; Nicola<\/p><\/blockquote>\n\t<blockquote><p><em>Ein sch\u00f6nes, ger\u00e4umiges Cottage. Sehr sauber, sehr gut ausgestattet und geschmackvoll eingerichtet. Als wir ankamen, kam die Haush\u00e4lterin und z\u00fcndete den Holzofen f\u00fcr uns an! Das Cottage liegt in einem sch\u00f6nen, ruhigen Dorf und ist perfekt, um die Halbinsel zu erkunden. Ein toller Aufenthalt. Vielen Dank.&#8221; Du.<\/em><\/p>\n<p>Jacqueline<\/p><\/blockquote>\n\t<blockquote><p><em>Das Ferienhaus ist gem\u00fctlich und gut ausgestattet mit allem, was Sie brauchen k\u00f6nnten. Es ist sehr geschmackvoll eingerichtet und bis ins kleinste Detail hochwertig dekoriert. Die Lage ist atemberaubend und perfekt gelegen f\u00fcr Spazierg\u00e4nge in die H\u00fcgel und entlang der K\u00fcste f\u00fcr die Erkundung der Halbinsel und bei unserem Aufenthalt war es sehr friedlich und ruhig.<\/em><\/p>\n<p>Hannah<\/p><\/blockquote>\n\t<h3>Ein fabelhaftes, entspannendes Ferienhaus in einem traditionellen walisischen Steindorf<\/h3>\n<p>Ob Sie einen stressfreien Familienurlaub mit einem wundersch\u00f6nen kinderfreundlichen Strand verbringen m\u00f6chten; oder einen stressfreien Wander- und Natururlaub auf dem walisischen K\u00fcstenwanderweg &#8211; unser fabelhaftes hundefreundliches Ferienhaus auf der Llyn-Halbinsel ist der perfekte R\u00fcckzugsort<\/p>\n<p>Die aktuellen Preise finden Sie in unserer AirBnB-Liste. Wenn Sie jedoch direkt buchen, sparen Sie die <a href=\"https:\/\/www.airbnb.co.uk\/rooms\/49452368\">AirBnb<\/a>-Buchungsgeb\u00fchr.<\/p>\n<p><strong>Zur Buchung k\u00f6nnen Sie:<\/strong><\/p>\n<ul>\n<li>Nutzen Sie das Formular auf dieser Website<br \/>\nRufen Sie uns unter +44 (0)7786 063781 an oder<br \/>\nSchicken Sie uns eine E-Mail an: <a href=\"mailto:treforbeach@gmail.com\">treforbeach@gmail.com<\/a><\/li>\n<\/ul>\n\t\t\t\t<img loading=\"lazy\" decoding=\"async\" src=\"https:\/\/treforbay.co.uk\/wp-content\/uploads\/2021\/02\/Beautiful-traditional-stone-Holiday-cottage-Llyn-Peninsular.jpg\" alt=\"Beautiful traditional stone Holiday cottage Llyn Peninsular\" itemprop=\"image\" height=\"680\" width=\"1024\" title=\"Beautiful traditional stone Holiday cottage Llyn Peninsular\" onerror=\"this.style.display='none'\"  \/>\n\t\t\t<hr \/>\n\t\t\t<h2>\n\t\t\tUnser fabelhaftes traditionelles Granithaus mit einem modernen Touch\t\t\t<\/h2>\n\t\t\t<hr \/>\n\t\t\t\t\t\t<hr \/>\n\t\t\t<h2>\n\t\t\tUnser fabelhaftes traditionelles Granithaus mit einem modernen Touch\t\t\t<\/h2>\n\t\t\t<hr \/>\n\t<p>Unser wundersch\u00f6nes Ferienhaus wurde neu renoviert und eingerichtet und ist ideal f\u00fcr Familienausfl\u00fcge und kleine Gruppen von Freunden. Es handelt sich um ein traditionelles Schieferarbeiter-Granithaus, das gr\u00fcndlich f\u00fcr das 21. Jahrhundert modernisiert wurde.<\/p>\n<p>Sehr komfortabel und mit allen Annehmlichkeiten ausgestattet, die Sie ben\u00f6tigen, um Ihren Urlaub am Trefor Beach auf der Halbinsel Ll\u0177n wirklich unvergesslich zu machen.<\/p>\n\t<p>Als unser eigenes Ferienhaus ist es wirklich ein Zuhause wie ein Zuhause. Begeisterte K\u00f6che werden die ma\u00dfgeschneiderte K\u00fcche mit allem, was Sie erwarten, lieben.<\/p>\n<p>F\u00fcr die Tage, an denen Sie lieber drinnen sind, haben wir eine gro\u00dfe Auswahl an Spielen, von traditionellen Familienspielen bis hin zu einigen unserer pers\u00f6nlichen Favoriten, sowie einen Smart-TV mit Streaming-Diensten.<\/p>\n\t\t\t<hr \/>\n\t\t\t<h2>\n\t\t\tVerf\u00fcgbarkeitskalender &#8211; bitte kontaktieren Sie uns f\u00fcr Buchungen direkt und sparen Sie die Buchungsgeb\u00fchr\t\t\t<\/h2>\n\t\t\t<hr \/>\n\t\t\t\t\t\t<hr \/>\n\t\t\t<h2>\n\t\t\tVerf\u00fcgbarkeitskalender &#8211; bitte kontaktieren Sie uns f\u00fcr Buchungen direkt und sparen Sie die Buchungsgeb\u00fchr\t\t\t<\/h2>\n\t\t\t<hr \/>\n\t<iframe loading=\"lazy\" src=\"https:\/\/calendar.google.com\/calendar\/embed?height=600&#038;wkst=1&#038;bgcolor=%23ffffff&#038;ctz=Europe%2FLondon&#038;showTitle=0&#038;showDate=1&#038;showTz=0&#038;showCalendars=0&#038;src=bDk2NmdsNm5kZ3F2cTNwOTJ0NXM4dGloZ25oZnVvdWdAaW1wb3J0LmNhbGVuZGFyLmdvb2dsZS5jb20&#038;color=%23795548\" width=\"800\" height=\"600\" frameborder=\"0\" scrolling=\"no\"><\/iframe>\n\t\t\t\t\t\t\n\t\t\t\t\t\t\tDas k\u00f6nnten Sie diesen Sommer sein\t\t\t\t\t\t\n\t\t\t\t\t\t\n\t\t\t\t\t\t\tTrefor Beach auf der Halbinsel Ll\u0177n in Nordwales von seiner sch\u00f6nsten Seite\t\t\t\t\t\t\n\t\t\t\t\t\t<p>Worauf wartest du&#8230;<\/p>\t\t\t\t\t\t\t\t\t\t\t\t\t\n\t\t\t\t\t\t\t\t<a href=\"https:\/\/treforbay.wpengine.com\/contact\/\">\n\t\t\t\t\t\t\t\t\tFinde mehr heraus\t\t\t\t\t\t\t\t<\/a>\n<style>\n#imytx {\n  background-image:url(https:\/\/treforbay.co.uk\/wp-content\/uploads\/2021\/02\/20180725_210856-1436x808.jpg);\n}\n@media screen and (max-width: 1100px) {\n  #imytx {\n    background-image:url(https:\/\/treforbay.co.uk\/wp-content\/uploads\/2021\/02\/20180725_210856-1024x576.jpg);\n  }\n}\n@media screen and (max-width: 767px) {\n  #imytx {\n    background-image:url(https:\/\/treforbay.co.uk\/wp-content\/uploads\/2021\/02\/20180725_210856-768x432.jpg);\n  }\n}\n@media screen and (max-width: 400px) {\n  #imytx {\n    background-image:url(https:\/\/treforbay.co.uk\/wp-content\/uploads\/2021\/02\/20180725_210856-300x169.jpg);\n  }\n}\n<\/style>\n\t\t\t<hr \/>\n\t\t\t<h2>\n\t\t\tWas Sie sehen werden\t\t\t<\/h2>\n\t\t\t<hr \/>\n\t\t\t\t\t\t<hr \/>\n\t\t\t<h2>\n\t\t\tWas Sie sehen werden\t\t\t<\/h2>\n\t\t\t<hr \/>\n\t<p>Besuchen Sie uns auf der atemberaubenden Halbinsel Ll\u0177n in Nordwales<\/p>\n\t\t\t<a href=\"\/de\/contact\/\">\n\t\t\tKontaktiere Uns\t\t<\/a>\n\t<ul>\n<li>Wundersch\u00f6nes Granit-Cottage<\/li>\n<li>Atemberaubende, gesch\u00fctzte Sandbucht<\/li>\n<li>Perfekte Lage f\u00fcr Familien<\/li>\n<li>Neu und hochwertig eingerichtet<\/li>\n<\/ul>\n\t\t\t\t<img decoding=\"async\" src=\"https:\/\/treforbay.wpengine.com\/wp-content\/uploads\/2021\/02\/Trefor-Bay-Panorama.jpg\" alt=\"Trefor Bay Panorama\" itemprop=\"image\" title=\"Trefor Bay Panorama\" onerror=\"this.style.display='none'\"  \/>","protected":false},"excerpt":{"rendered":"<p>Ferienhaus an der K\u00fcste von Nordwales wundersch\u00f6nes K\u00fcstenhaus Book direct &#038; save AirBnB fees&#8230;. Familienferienhaus&hellip;<\/p>","protected":false},"author":127,"featured_media":5739,"parent":0,"menu_order":0,"comment_status":"closed","ping_status":"closed","template":"","meta":{"inline_featured_image":false,"footnotes":""},"class_list":["post-6260","page","type-page","status-publish","has-post-thumbnail","hentry"],"yoast_head":"<!-- This site is optimized with the Yoast SEO plugin v26.8 - https:\/\/yoast.com\/product\/yoast-seo-wordpress\/ -->\n<title>Llyn Peninsula dog friendly family holiday cottage to rent North WalesWundersch\u00f6nes Familienferienhaus mit drei Schlafzimmern in Nordwales zu vermieten<\/title>\n<meta name=\"description\" content=\"Wundersch\u00f6nes Familienferienhaus mit drei Schlafzimmern in Nordwales zu vermieten\" \/>\n<meta name=\"robots\" content=\"index, follow, max-snippet:-1, max-image-preview:large, max-video-preview:-1\" \/>\n<link rel=\"canonical\" href=\"https:\/\/treforbay.co.uk\/de\/wunderschones-familienferienhaus-mit-drei-schlafzimmern-in-nordwales-zu-vermieten\/\" \/>\n<meta property=\"og:locale\" content=\"de_DE\" \/>\n<meta property=\"og:type\" content=\"article\" \/>\n<meta property=\"og:title\" content=\"Llyn Peninsula dog friendly family holiday cottage to rent North WalesWundersch\u00f6nes Familienferienhaus mit drei Schlafzimmern in Nordwales zu vermieten\" \/>\n<meta property=\"og:description\" content=\"Wundersch\u00f6nes Familienferienhaus mit drei Schlafzimmern in Nordwales zu vermieten\" \/>\n<meta property=\"og:url\" content=\"https:\/\/treforbay.co.uk\/de\/wunderschones-familienferienhaus-mit-drei-schlafzimmern-in-nordwales-zu-vermieten\/\" \/>\n<meta property=\"og:site_name\" content=\"Trefor Bay\" \/>\n<meta property=\"article:modified_time\" content=\"2024-08-08T08:44:00+00:00\" \/>\n<meta property=\"og:image\" content=\"https:\/\/treforbay.co.uk\/wp-content\/uploads\/2021\/04\/paddle-boarding-in-Trefor-Bay-Llynn-Peninsula.jpg\" \/>\n\t<meta property=\"og:image:width\" content=\"1800\" \/>\n\t<meta property=\"og:image:height\" content=\"621\" \/>\n\t<meta property=\"og:image:type\" content=\"image\/jpeg\" \/>\n<meta name=\"twitter:card\" content=\"summary_large_image\" \/>\n<meta name=\"twitter:label1\" content=\"Gesch\u00e4tzte Lesezeit\" \/>\n\t<meta name=\"twitter:data1\" content=\"9\u00a0Minuten\" \/>\n<script type=\"application\/ld+json\" class=\"yoast-schema-graph\">{\"@context\":\"https:\/\/schema.org\",\"@graph\":[{\"@type\":\"WebPage\",\"@id\":\"https:\/\/treforbay.co.uk\/wunderschones-familienferienhaus-mit-drei-schlafzimmern-in-nordwales-zu-vermieten\/\",\"url\":\"https:\/\/treforbay.co.uk\/wunderschones-familienferienhaus-mit-drei-schlafzimmern-in-nordwales-zu-vermieten\/\",\"name\":\"Llyn Peninsula dog friendly family holiday cottage to rent North WalesWundersch\u00f6nes Familienferienhaus mit drei Schlafzimmern in Nordwales zu vermieten\",\"isPartOf\":{\"@id\":\"https:\/\/treforbay.co.uk\/#website\"},\"primaryImageOfPage\":{\"@id\":\"https:\/\/treforbay.co.uk\/wunderschones-familienferienhaus-mit-drei-schlafzimmern-in-nordwales-zu-vermieten\/#primaryimage\"},\"image\":{\"@id\":\"https:\/\/treforbay.co.uk\/wunderschones-familienferienhaus-mit-drei-schlafzimmern-in-nordwales-zu-vermieten\/#primaryimage\"},\"thumbnailUrl\":\"https:\/\/treforbay.co.uk\/wp-content\/uploads\/2021\/04\/paddle-boarding-in-Trefor-Bay-Llynn-Peninsula.jpg\",\"datePublished\":\"2024-08-03T08:47:54+00:00\",\"dateModified\":\"2024-08-08T08:44:00+00:00\",\"description\":\"Wundersch\u00f6nes Familienferienhaus mit drei Schlafzimmern in Nordwales zu vermieten\",\"breadcrumb\":{\"@id\":\"https:\/\/treforbay.co.uk\/wunderschones-familienferienhaus-mit-drei-schlafzimmern-in-nordwales-zu-vermieten\/#breadcrumb\"},\"inLanguage\":\"de\",\"potentialAction\":[{\"@type\":\"ReadAction\",\"target\":[\"https:\/\/treforbay.co.uk\/wunderschones-familienferienhaus-mit-drei-schlafzimmern-in-nordwales-zu-vermieten\/\"]}]},{\"@type\":\"ImageObject\",\"inLanguage\":\"de\",\"@id\":\"https:\/\/treforbay.co.uk\/wunderschones-familienferienhaus-mit-drei-schlafzimmern-in-nordwales-zu-vermieten\/#primaryimage\",\"url\":\"https:\/\/treforbay.co.uk\/wp-content\/uploads\/2021\/04\/paddle-boarding-in-Trefor-Bay-Llynn-Peninsula.jpg\",\"contentUrl\":\"https:\/\/treforbay.co.uk\/wp-content\/uploads\/2021\/04\/paddle-boarding-in-Trefor-Bay-Llynn-Peninsula.jpg\",\"width\":1800,\"height\":621},{\"@type\":\"BreadcrumbList\",\"@id\":\"https:\/\/treforbay.co.uk\/wunderschones-familienferienhaus-mit-drei-schlafzimmern-in-nordwales-zu-vermieten\/#breadcrumb\",\"itemListElement\":[{\"@type\":\"ListItem\",\"position\":1,\"name\":\"Home\",\"item\":\"https:\/\/treforbay.co.uk\/\"},{\"@type\":\"ListItem\",\"position\":2,\"name\":\"Wundersch\u00f6nes Familienferienhaus mit drei Schlafzimmern in Nordwales zu vermieten\"}]},{\"@type\":\"WebSite\",\"@id\":\"https:\/\/treforbay.co.uk\/#website\",\"url\":\"https:\/\/treforbay.co.uk\/\",\"name\":\"Trefor Bay\",\"description\":\"For your perfect North Wales holiday\",\"potentialAction\":[{\"@type\":\"SearchAction\",\"target\":{\"@type\":\"EntryPoint\",\"urlTemplate\":\"https:\/\/treforbay.co.uk\/?s={search_term_string}\"},\"query-input\":{\"@type\":\"PropertyValueSpecification\",\"valueRequired\":true,\"valueName\":\"search_term_string\"}}],\"inLanguage\":\"de\"}]}<\/script>\n<!-- \/ Yoast SEO plugin. -->","yoast_head_json":{"title":"Llyn Peninsula dog friendly family holiday cottage to rent North WalesWundersch\u00f6nes Familienferienhaus mit drei Schlafzimmern in Nordwales zu vermieten","description":"Wundersch\u00f6nes Familienferienhaus mit drei Schlafzimmern in Nordwales zu vermieten","robots":{"index":"index","follow":"follow","max-snippet":"max-snippet:-1","max-image-preview":"max-image-preview:large","max-video-preview":"max-video-preview:-1"},"canonical":"https:\/\/treforbay.co.uk\/de\/wunderschones-familienferienhaus-mit-drei-schlafzimmern-in-nordwales-zu-vermieten\/","og_locale":"de_DE","og_type":"article","og_title":"Llyn Peninsula dog friendly family holiday cottage to rent North WalesWundersch\u00f6nes Familienferienhaus mit drei Schlafzimmern in Nordwales zu vermieten","og_description":"Wundersch\u00f6nes Familienferienhaus mit drei Schlafzimmern in Nordwales zu vermieten","og_url":"https:\/\/treforbay.co.uk\/de\/wunderschones-familienferienhaus-mit-drei-schlafzimmern-in-nordwales-zu-vermieten\/","og_site_name":"Trefor Bay","article_modified_time":"2024-08-08T08:44:00+00:00","og_image":[{"width":1800,"height":621,"url":"https:\/\/treforbay.co.uk\/wp-content\/uploads\/2021\/04\/paddle-boarding-in-Trefor-Bay-Llynn-Peninsula.jpg","type":"image\/jpeg"}],"twitter_card":"summary_large_image","twitter_misc":{"Gesch\u00e4tzte Lesezeit":"9\u00a0Minuten"},"schema":{"@context":"https:\/\/schema.org","@graph":[{"@type":"WebPage","@id":"https:\/\/treforbay.co.uk\/wunderschones-familienferienhaus-mit-drei-schlafzimmern-in-nordwales-zu-vermieten\/","url":"https:\/\/treforbay.co.uk\/wunderschones-familienferienhaus-mit-drei-schlafzimmern-in-nordwales-zu-vermieten\/","name":"Llyn Peninsula dog friendly family holiday cottage to rent North WalesWundersch\u00f6nes Familienferienhaus mit drei Schlafzimmern in Nordwales zu vermieten","isPartOf":{"@id":"https:\/\/treforbay.co.uk\/#website"},"primaryImageOfPage":{"@id":"https:\/\/treforbay.co.uk\/wunderschones-familienferienhaus-mit-drei-schlafzimmern-in-nordwales-zu-vermieten\/#primaryimage"},"image":{"@id":"https:\/\/treforbay.co.uk\/wunderschones-familienferienhaus-mit-drei-schlafzimmern-in-nordwales-zu-vermieten\/#primaryimage"},"thumbnailUrl":"https:\/\/treforbay.co.uk\/wp-content\/uploads\/2021\/04\/paddle-boarding-in-Trefor-Bay-Llynn-Peninsula.jpg","datePublished":"2024-08-03T08:47:54+00:00","dateModified":"2024-08-08T08:44:00+00:00","description":"Wundersch\u00f6nes Familienferienhaus mit drei Schlafzimmern in Nordwales zu vermieten","breadcrumb":{"@id":"https:\/\/treforbay.co.uk\/wunderschones-familienferienhaus-mit-drei-schlafzimmern-in-nordwales-zu-vermieten\/#breadcrumb"},"inLanguage":"de","potentialAction":[{"@type":"ReadAction","target":["https:\/\/treforbay.co.uk\/wunderschones-familienferienhaus-mit-drei-schlafzimmern-in-nordwales-zu-vermieten\/"]}]},{"@type":"ImageObject","inLanguage":"de","@id":"https:\/\/treforbay.co.uk\/wunderschones-familienferienhaus-mit-drei-schlafzimmern-in-nordwales-zu-vermieten\/#primaryimage","url":"https:\/\/treforbay.co.uk\/wp-content\/uploads\/2021\/04\/paddle-boarding-in-Trefor-Bay-Llynn-Peninsula.jpg","contentUrl":"https:\/\/treforbay.co.uk\/wp-content\/uploads\/2021\/04\/paddle-boarding-in-Trefor-Bay-Llynn-Peninsula.jpg","width":1800,"height":621},{"@type":"BreadcrumbList","@id":"https:\/\/treforbay.co.uk\/wunderschones-familienferienhaus-mit-drei-schlafzimmern-in-nordwales-zu-vermieten\/#breadcrumb","itemListElement":[{"@type":"ListItem","position":1,"name":"Home","item":"https:\/\/treforbay.co.uk\/"},{"@type":"ListItem","position":2,"name":"Wundersch\u00f6nes Familienferienhaus mit drei Schlafzimmern in Nordwales zu vermieten"}]},{"@type":"WebSite","@id":"https:\/\/treforbay.co.uk\/#website","url":"https:\/\/treforbay.co.uk\/","name":"Trefor Bay","description":"For your perfect North Wales holiday","potentialAction":[{"@type":"SearchAction","target":{"@type":"EntryPoint","urlTemplate":"https:\/\/treforbay.co.uk\/?s={search_term_string}"},"query-input":{"@type":"PropertyValueSpecification","valueRequired":true,"valueName":"search_term_string"}}],"inLanguage":"de"}]}},"_links":{"self":[{"href":"https:\/\/treforbay.co.uk\/de\/wp-json\/wp\/v2\/pages\/6260","targetHints":{"allow":["GET"]}}],"collection":[{"href":"https:\/\/treforbay.co.uk\/de\/wp-json\/wp\/v2\/pages"}],"about":[{"href":"https:\/\/treforbay.co.uk\/de\/wp-json\/wp\/v2\/types\/page"}],"author":[{"embeddable":true,"href":"https:\/\/treforbay.co.uk\/de\/wp-json\/wp\/v2\/users\/127"}],"replies":[{"embeddable":true,"href":"https:\/\/treforbay.co.uk\/de\/wp-json\/wp\/v2\/comments?post=6260"}],"version-history":[{"count":1,"href":"https:\/\/treforbay.co.uk\/de\/wp-json\/wp\/v2\/pages\/6260\/revisions"}],"predecessor-version":[{"id":6262,"href":"https:\/\/treforbay.co.uk\/de\/wp-json\/wp\/v2\/pages\/6260\/revisions\/6262"}],"wp:featuredmedia":[{"embeddable":true,"href":"https:\/\/treforbay.co.uk\/de\/wp-json\/wp\/v2\/media\/5739"}],"wp:attachment":[{"href":"https:\/\/treforbay.co.uk\/de\/wp-json\/wp\/v2\/media?parent=6260"}],"curies":[{"name":"wp","href":"https:\/\/api.w.org\/{rel}","templated":true}]}}